{"id":3,"date":"2026-03-08T01:25:14","date_gmt":"2026-03-08T01:25:14","guid":{"rendered":"http:\/\/kliklead.com\/?page_id=3"},"modified":"2026-04-13T16:38:04","modified_gmt":"2026-04-13T16:38:04","slug":"privacy-policy","status":"publish","type":"page","link":"https:\/\/kliklead.com\/?page_id=3","title":{"rendered":"Privacy Policy"},"content":{"rendered":"\t\t<div data-elementor-type=\"wp-page\" data-elementor-id=\"3\" class=\"elementor elementor-3\" data-elementor-post-type=\"page\">\n\t\t\t\t<div class=\"elementor-element elementor-element-d720ce5 e-flex e-con-boxed e-con e-parent\" data-id=\"d720ce5\" data-element_type=\"container\" data-e-type=\"container\">\n\t\t\t\t\t<div class=\"e-con-inner\">\n\t\t\t\t<div class=\"elementor-element elementor-element-9814614 elementor-widget elementor-widget-heading\" data-id=\"9814614\" data-element_type=\"widget\" data-e-type=\"widget\" data-widget_type=\"heading.default\">\n\t\t\t\t\t<h2 class=\"elementor-heading-title elementor-size-default\">Tietosuojak\u00e4yt\u00e4nt\u00f6:<\/h2>\t\t\t\t<\/div>\n\t\t\t\t\t<\/div>\n\t\t\t\t<\/div>\n\t\t<div class=\"elementor-element elementor-element-0a3ae16 e-flex e-con-boxed e-con e-parent\" data-id=\"0a3ae16\" data-element_type=\"container\" data-e-type=\"container\">\n\t\t\t\t\t<div class=\"e-con-inner\">\n\t\t\t\t\t<\/div>\n\t\t\t\t<\/div>\n\t\t<div class=\"elementor-element elementor-element-c005aa5 e-flex e-con-boxed e-con e-parent\" data-id=\"c005aa5\" data-element_type=\"container\" data-e-type=\"container\" data-settings=\"{&quot;background_background&quot;:&quot;classic&quot;}\">\n\t\t\t\t\t<div class=\"e-con-inner\">\n\t\t\t\t<div class=\"elementor-element elementor-element-255ce8c elementor-widget elementor-widget-heading\" data-id=\"255ce8c\" data-element_type=\"widget\" data-e-type=\"widget\" data-widget_type=\"heading.default\">\n\t\t\t\t\t<h2 class=\"elementor-heading-title elementor-size-default\">T\u00e4m\u00e4 tietosuojak\u00e4yt\u00e4nt\u00f6 kuvaa, miten KlikLead k\u00e4sittelee ja suojaa verkkosivuston k\u00e4ytt\u00e4jien henkil\u00f6tietoja:<\/h2>\t\t\t\t<\/div>\n\t\t\t\t<div class=\"elementor-element elementor-element-2d4a992 elementor-widget elementor-widget-heading\" data-id=\"2d4a992\" data-element_type=\"widget\" data-e-type=\"widget\" data-widget_type=\"heading.default\">\n\t\t\t\t\t<h2 class=\"elementor-heading-title elementor-size-default\">T\u00e4m\u00e4 tietosuojak\u00e4yt\u00e4nt\u00f6 kuvaa, miten KlikLead k\u00e4sittelee ja suojaa verkkosivuston k\u00e4ytt\u00e4jien henkil\u00f6tietoja.<\/h2>\t\t\t\t<\/div>\n\t\t\t\t\t<\/div>\n\t\t\t\t<\/div>\n\t\t<div class=\"elementor-element elementor-element-96dca68 e-flex e-con-boxed e-con e-parent\" data-id=\"96dca68\" data-element_type=\"container\" data-e-type=\"container\">\n\t\t\t\t\t<div class=\"e-con-inner\">\n\t\t\t\t\t<\/div>\n\t\t\t\t<\/div>\n\t\t<div class=\"elementor-element elementor-element-701eca4 e-flex e-con-boxed e-con e-parent\" data-id=\"701eca4\" data-element_type=\"container\" data-e-type=\"container\">\n\t\t\t\t\t<div class=\"e-con-inner\">\n\t\t\t\t<div class=\"elementor-element elementor-element-edc62d4 elementor-widget elementor-widget-heading\" data-id=\"edc62d4\" data-element_type=\"widget\" data-e-type=\"widget\" data-widget_type=\"heading.default\">\n\t\t\t\t\t<h2 class=\"elementor-heading-title elementor-size-default\">Ker\u00e4tt\u00e4v\u00e4t tiedot:<\/h2>\t\t\t\t<\/div>\n\t\t\t\t<div class=\"elementor-element elementor-element-5a1abfc elementor-widget elementor-widget-heading\" data-id=\"5a1abfc\" data-element_type=\"widget\" data-e-type=\"widget\" data-widget_type=\"heading.default\">\n\t\t\t\t\t<h2 class=\"elementor-heading-title elementor-size-default\">Voimme ker\u00e4t\u00e4 seuraavia tietoja:<\/h2>\t\t\t\t<\/div>\n\t\t\t\t<div class=\"elementor-element elementor-element-0c2cdc7 elementor-widget elementor-widget-text-editor\" data-id=\"0c2cdc7\" data-element_type=\"widget\" data-e-type=\"widget\" data-widget_type=\"text-editor.default\">\n\t\t\t\t\t\t\t\t\t<ul><li data-section-id=\"1t89w17\" data-start=\"377\" data-end=\"385\"><p data-start=\"379\" data-end=\"385\">Nimi<\/p><\/li><li data-section-id=\"1lhhm1c\" data-start=\"386\" data-end=\"406\"><p data-start=\"388\" data-end=\"406\">S\u00e4hk\u00f6postiosoite<\/p><\/li><li data-section-id=\"pfvj3r\" data-start=\"407\" data-end=\"425\"><p data-start=\"409\" data-end=\"425\">Yrityksen nimi<\/p><\/li><li data-section-id=\"l5x3x4\" data-start=\"426\" data-end=\"482\"><p data-start=\"428\" data-end=\"482\">Viestit, jotka l\u00e4hetet\u00e4\u00e4n yhteydenottolomakkeen kautta<\/p><\/li><\/ul>\t\t\t\t\t\t\t\t<\/div>\n\t\t\t\t<div class=\"elementor-element elementor-element-d30fa99 elementor-widget elementor-widget-heading\" data-id=\"d30fa99\" data-element_type=\"widget\" data-e-type=\"widget\" data-widget_type=\"heading.default\">\n\t\t\t\t\t<h2 class=\"elementor-heading-title elementor-size-default\">Tietoja ker\u00e4t\u00e4\u00e4n vain silloin, kun k\u00e4ytt\u00e4j\u00e4 ottaa yhteytt\u00e4 sivuston kautta tai t\u00e4ytt\u00e4\u00e4 lomakkeen.<\/h2>\t\t\t\t<\/div>\n\t\t\t\t\t<\/div>\n\t\t\t\t<\/div>\n\t\t<div class=\"elementor-element elementor-element-fef50c9 e-flex e-con-boxed e-con e-parent\" data-id=\"fef50c9\" data-element_type=\"container\" data-e-type=\"container\">\n\t\t\t\t\t<div class=\"e-con-inner\">\n\t\t\t\t\t<\/div>\n\t\t\t\t<\/div>\n\t\t<div class=\"elementor-element elementor-element-e95380e e-flex e-con-boxed e-con e-parent\" data-id=\"e95380e\" data-element_type=\"container\" data-e-type=\"container\">\n\t\t\t\t\t<div class=\"e-con-inner\">\n\t\t\t\t<div class=\"elementor-element elementor-element-068553c elementor-widget elementor-widget-heading\" data-id=\"068553c\" data-element_type=\"widget\" data-e-type=\"widget\" data-widget_type=\"heading.default\">\n\t\t\t\t\t<h2 class=\"elementor-heading-title elementor-size-default\">Mihin tietoja k\u00e4ytet\u00e4\u00e4n:<\/h2>\t\t\t\t<\/div>\n\t\t\t\t<div class=\"elementor-element elementor-element-a2658a6 elementor-widget elementor-widget-heading\" data-id=\"a2658a6\" data-element_type=\"widget\" data-e-type=\"widget\" data-widget_type=\"heading.default\">\n\t\t\t\t\t<h2 class=\"elementor-heading-title elementor-size-default\">Ker\u00e4ttyj\u00e4 tietoja k\u00e4ytet\u00e4\u00e4n:<\/h2>\t\t\t\t<\/div>\n\t\t\t\t<div class=\"elementor-element elementor-element-7c87402 elementor-widget elementor-widget-text-editor\" data-id=\"7c87402\" data-element_type=\"widget\" data-e-type=\"widget\" data-widget_type=\"text-editor.default\">\n\t\t\t\t\t\t\t\t\t<ul><li data-section-id=\"1t1clip\" data-start=\"642\" data-end=\"675\"><p data-start=\"644\" data-end=\"675\">yhteydenottoihin vastaamiseen<\/p><\/li><li data-section-id=\"t44u3n\" data-start=\"676\" data-end=\"704\"><p data-start=\"678\" data-end=\"704\">palveluiden tarjoamiseen<\/p><\/li><li data-section-id=\"9ydw59\" data-start=\"705\" data-end=\"733\"><p data-start=\"707\" data-end=\"733\">asiakassuhteen hoitamiseen<\/p><\/li><\/ul>\t\t\t\t\t\t\t\t<\/div>\n\t\t\t\t<div class=\"elementor-element elementor-element-a38b0a4 elementor-widget elementor-widget-heading\" data-id=\"a38b0a4\" data-element_type=\"widget\" data-e-type=\"widget\" data-widget_type=\"heading.default\">\n\t\t\t\t\t<h2 class=\"elementor-heading-title elementor-size-default\">Tietoja ei myyd\u00e4 tai luovuteta kolmansille osapuolille ilman lainmukaista perustetta.<\/h2>\t\t\t\t<\/div>\n\t\t\t\t\t<\/div>\n\t\t\t\t<\/div>\n\t\t<div class=\"elementor-element elementor-element-7eb15e0 e-flex e-con-boxed e-con e-parent\" data-id=\"7eb15e0\" data-element_type=\"container\" data-e-type=\"container\">\n\t\t\t\t\t<div class=\"e-con-inner\">\n\t\t\t\t\t<\/div>\n\t\t\t\t<\/div>\n\t\t<div class=\"elementor-element elementor-element-c891005 e-flex e-con-boxed e-con e-parent\" data-id=\"c891005\" data-element_type=\"container\" data-e-type=\"container\">\n\t\t\t\t\t<div class=\"e-con-inner\">\n\t\t\t\t<div class=\"elementor-element elementor-element-092024c elementor-widget elementor-widget-heading\" data-id=\"092024c\" data-element_type=\"widget\" data-e-type=\"widget\" data-widget_type=\"heading.default\">\n\t\t\t\t\t<h2 class=\"elementor-heading-title elementor-size-default\">Tietojen s\u00e4ilytys:<\/h2>\t\t\t\t<\/div>\n\t\t\t\t<div class=\"elementor-element elementor-element-2a853e4 elementor-widget elementor-widget-heading\" data-id=\"2a853e4\" data-element_type=\"widget\" data-e-type=\"widget\" data-widget_type=\"heading.default\">\n\t\t\t\t\t<h2 class=\"elementor-heading-title elementor-size-default\">S\u00e4ilyt\u00e4mme henkil\u00f6tietoja vain niin kauan kuin se on tarpeen yhteydenottojen k\u00e4sittely\u00e4 ja palveluiden tarjoamista varten.<\/h2>\t\t\t\t<\/div>\n\t\t\t\t\t<\/div>\n\t\t\t\t<\/div>\n\t\t<div class=\"elementor-element elementor-element-241b54c e-flex e-con-boxed e-con e-parent\" data-id=\"241b54c\" data-element_type=\"container\" data-e-type=\"container\">\n\t\t\t\t\t<div class=\"e-con-inner\">\n\t\t\t\t\t<\/div>\n\t\t\t\t<\/div>\n\t\t<div class=\"elementor-element elementor-element-0faef8b e-flex e-con-boxed e-con e-parent\" data-id=\"0faef8b\" data-element_type=\"container\" data-e-type=\"container\">\n\t\t\t\t\t<div class=\"e-con-inner\">\n\t\t\t\t<div class=\"elementor-element elementor-element-c40e343 elementor-widget elementor-widget-heading\" data-id=\"c40e343\" data-element_type=\"widget\" data-e-type=\"widget\" data-widget_type=\"heading.default\">\n\t\t\t\t\t<h2 class=\"elementor-heading-title elementor-size-default\">Tietoturva:<\/h2>\t\t\t\t<\/div>\n\t\t\t\t<div class=\"elementor-element elementor-element-5141816 elementor-widget elementor-widget-heading\" data-id=\"5141816\" data-element_type=\"widget\" data-e-type=\"widget\" data-widget_type=\"heading.default\">\n\t\t\t\t\t<h2 class=\"elementor-heading-title elementor-size-default\">K\u00e4yt\u00e4mme asianmukaisia teknisi\u00e4 ja organisatorisia toimenpiteit\u00e4 henkil\u00f6tietojen suojaamiseksi.<\/h2>\t\t\t\t<\/div>\n\t\t\t\t\t<\/div>\n\t\t\t\t<\/div>\n\t\t<div class=\"elementor-element elementor-element-4cde0dd e-flex e-con-boxed e-con e-parent\" data-id=\"4cde0dd\" data-element_type=\"container\" data-e-type=\"container\">\n\t\t\t\t\t<div class=\"e-con-inner\">\n\t\t\t\t\t<\/div>\n\t\t\t\t<\/div>\n\t\t<div class=\"elementor-element elementor-element-7a3f1d9 e-flex e-con-boxed e-con e-parent\" data-id=\"7a3f1d9\" data-element_type=\"container\" data-e-type=\"container\">\n\t\t\t\t\t<div class=\"e-con-inner\">\n\t\t\t\t<div class=\"elementor-element elementor-element-b36ce91 elementor-widget elementor-widget-heading\" data-id=\"b36ce91\" data-element_type=\"widget\" data-e-type=\"widget\" data-widget_type=\"heading.default\">\n\t\t\t\t\t<h2 class=\"elementor-heading-title elementor-size-default\">Oikeutesi:<\/h2>\t\t\t\t<\/div>\n\t\t\t\t<div class=\"elementor-element elementor-element-1476120 elementor-widget elementor-widget-heading\" data-id=\"1476120\" data-element_type=\"widget\" data-e-type=\"widget\" data-widget_type=\"heading.default\">\n\t\t\t\t\t<h2 class=\"elementor-heading-title elementor-size-default\">Sinulla on oikeus:<\/h2>\t\t\t\t<\/div>\n\t\t\t\t<div class=\"elementor-element elementor-element-f96e2c2 elementor-widget elementor-widget-text-editor\" data-id=\"f96e2c2\" data-element_type=\"widget\" data-e-type=\"widget\" data-widget_type=\"text-editor.default\">\n\t\t\t\t\t\t\t\t\t<ul><li data-section-id=\"d3j633\" data-start=\"1117\" data-end=\"1151\"><p data-start=\"1119\" data-end=\"1151\">pyyt\u00e4\u00e4 p\u00e4\u00e4sy\u00e4 omiin tietoihisi<\/p><\/li><li data-section-id=\"160ztky\" data-start=\"1152\" data-end=\"1196\"><p data-start=\"1154\" data-end=\"1196\">pyyt\u00e4\u00e4 tietojen oikaisua tai poistamista<\/p><\/li><li data-section-id=\"r3o310\" data-start=\"1197\" data-end=\"1228\"><p data-start=\"1199\" data-end=\"1228\">rajoittaa tietojen k\u00e4sittely\u00e4<\/p><\/li><\/ul>\t\t\t\t\t\t\t\t<\/div>\n\t\t\t\t\t<\/div>\n\t\t\t\t<\/div>\n\t\t<div class=\"elementor-element elementor-element-6cee257 e-flex e-con-boxed e-con e-parent\" data-id=\"6cee257\" data-element_type=\"container\" data-e-type=\"container\">\n\t\t\t\t\t<div class=\"e-con-inner\">\n\t\t\t\t\t<\/div>\n\t\t\t\t<\/div>\n\t\t<div class=\"elementor-element elementor-element-1771bbd e-flex e-con-boxed e-con e-parent\" data-id=\"1771bbd\" data-element_type=\"container\" data-e-type=\"container\">\n\t\t\t\t\t<div class=\"e-con-inner\">\n\t\t\t\t<div class=\"elementor-element elementor-element-848ffaa elementor-widget elementor-widget-heading\" data-id=\"848ffaa\" data-element_type=\"widget\" data-e-type=\"widget\" data-widget_type=\"heading.default\">\n\t\t\t\t\t<h2 class=\"elementor-heading-title elementor-size-default\">Yhteystiedot:<\/h2>\t\t\t\t<\/div>\n\t\t\t\t<div class=\"elementor-element elementor-element-770a9f4 elementor-widget elementor-widget-heading\" data-id=\"770a9f4\" data-element_type=\"widget\" data-e-type=\"widget\" data-widget_type=\"heading.default\">\n\t\t\t\t\t<h2 class=\"elementor-heading-title elementor-size-default\">Tietosuojaan liittyviss\u00e4 kysymyksiss\u00e4 voit ottaa yhteytt\u00e4:<\/h2>\t\t\t\t<\/div>\n\t\t\t\t<div class=\"elementor-element elementor-element-af5bb31 elementor-widget elementor-widget-heading\" data-id=\"af5bb31\" data-element_type=\"widget\" data-e-type=\"widget\" data-widget_type=\"heading.default\">\n\t\t\t\t\t<h2 class=\"elementor-heading-title elementor-size-default\">S\u00e4hk\u00f6posti: sales@kliklead.com<\/h2>\t\t\t\t<\/div>\n\t\t\t\t\t<\/div>\n\t\t\t\t<\/div>\n\t\t<div class=\"elementor-element elementor-element-7fa826b e-flex e-con-boxed e-con e-parent\" data-id=\"7fa826b\" data-element_type=\"container\" data-e-type=\"container\">\n\t\t\t\t\t<div class=\"e-con-inner\">\n\t\t\t\t\t<\/div>\n\t\t\t\t<\/div>\n\t\t\t\t<\/div>\n\t\t","protected":false},"excerpt":{"rendered":"<p>Tietosuojak\u00e4yt\u00e4nt\u00f6: T\u00e4m\u00e4 tietosuojak\u00e4yt\u00e4nt\u00f6 kuvaa, miten KlikLead k\u00e4sittelee ja suojaa verkkosivuston k\u00e4ytt\u00e4jien henkil\u00f6tietoja: T\u00e4m\u00e4 tietosuojak\u00e4yt\u00e4nt\u00f6 kuvaa, miten KlikLead k\u00e4sittelee ja suojaa verkkosivuston k\u00e4ytt\u00e4jien henkil\u00f6tietoja. Ker\u00e4tt\u00e4v\u00e4t tiedot: Voimme ker\u00e4t\u00e4 seuraavia tietoja: Nimi S\u00e4hk\u00f6postiosoite Yrityksen nimi Viestit, jotka l\u00e4hetet\u00e4\u00e4n yhteydenottolomakkeen kautta Tietoja ker\u00e4t\u00e4\u00e4n vain silloin, kun k\u00e4ytt\u00e4j\u00e4 ottaa yhteytt\u00e4 sivuston kautta tai t\u00e4ytt\u00e4\u00e4 lomakkeen. Mihin tietoja k\u00e4ytet\u00e4\u00e4n: Ker\u00e4ttyj\u00e4 [&hellip;]<\/p>\n","protected":false},"author":1,"featured_media":0,"parent":0,"menu_order":0,"comment_status":"closed","ping_status":"open","template":"elementor_header_footer","meta":{"footnotes":""},"class_list":["post-3","page","type-page","status-publish","hentry"],"_hostinger_reach_plugin_has_subscription_block":false,"_hostinger_reach_plugin_is_elementor":false,"_links":{"self":[{"href":"https:\/\/kliklead.com\/index.php?rest_route=\/wp\/v2\/pages\/3","targetHints":{"allow":["GET"]}}],"collection":[{"href":"https:\/\/kliklead.com\/index.php?rest_route=\/wp\/v2\/pages"}],"about":[{"href":"https:\/\/kliklead.com\/index.php?rest_route=\/wp\/v2\/types\/page"}],"author":[{"embeddable":true,"href":"https:\/\/kliklead.com\/index.php?rest_route=\/wp\/v2\/users\/1"}],"replies":[{"embeddable":true,"href":"https:\/\/kliklead.com\/index.php?rest_route=%2Fwp%2Fv2%2Fcomments&post=3"}],"version-history":[{"count":12,"href":"https:\/\/kliklead.com\/index.php?rest_route=\/wp\/v2\/pages\/3\/revisions"}],"predecessor-version":[{"id":1702,"href":"https:\/\/kliklead.com\/index.php?rest_route=\/wp\/v2\/pages\/3\/revisions\/1702"}],"wp:attachment":[{"href":"https:\/\/kliklead.com\/index.php?rest_route=%2Fwp%2Fv2%2Fmedia&parent=3"}],"curies":[{"name":"wp","href":"https:\/\/api.w.org\/{rel}","templated":true}]}}